{"id":4750,"date":"2025-05-02T09:26:56","date_gmt":"2025-05-02T09:26:56","guid":{"rendered":"https:\/\/gaw-ag.ch\/impressum\/"},"modified":"2025-10-16T09:07:58","modified_gmt":"2025-10-16T09:07:58","slug":"mentions-legales","status":"publish","type":"page","link":"https:\/\/gaw-ag.ch\/fr\/mentions-legales","title":{"rendered":"Mentions l\u00e9gales"},"content":{"rendered":"<div class=\"fusion-fullwidth fullwidth-box fusion-builder-row-1 fusion-flex-container has-pattern-background has-mask-background nonhundred-percent-fullwidth non-hundred-percent-height-scrolling\" style=\"--awb-border-radius-top-left:0px;--awb-border-radius-top-right:0px;--awb-border-radius-bottom-right:0px;--awb-border-radius-bottom-left:0px;--awb-flex-wrap:wrap;\" ><div class=\"fusion-builder-row fusion-row fusion-flex-align-items-flex-start fusion-flex-content-wrap\" style=\"max-width:1372.8px;margin-left: calc(-4% \/ 2 );margin-right: calc(-4% \/ 2 );\"><div class=\"fusion-layout-column fusion_builder_column fusion-builder-column-0 fusion_builder_column_3_4 3_4 fusion-flex-column\" style=\"--awb-bg-size:cover;--awb-width-large:75%;--awb-margin-top-large:0px;--awb-spacing-right-large:2.56%;--awb-margin-bottom-large:20px;--awb-spacing-left-large:2.56%;--awb-width-medium:75%;--awb-order-medium:0;--awb-spacing-right-medium:2.56%;--awb-spacing-left-medium:2.56%;--awb-width-small:100%;--awb-order-small:0;--awb-spacing-right-small:1.92%;--awb-spacing-left-small:1.92%;\"><div class=\"fusion-column-wrapper fusion-column-has-shadow fusion-flex-justify-content-flex-start fusion-content-layout-column\"><div class=\"fusion-title title fusion-title-1 fusion-sep-none fusion-title-text fusion-title-size-three\" style=\"--awb-text-color:var(--awb-color3);--awb-margin-bottom:30px;--awb-margin-top-small:10px;--awb-margin-right-small:0px;--awb-margin-bottom-small:10px;--awb-margin-left-small:0px;--awb-font-size:var(--awb-typography3-font-size);\"><h3 class=\"fusion-title-heading title-heading-left\" style=\"font-family:var(--awb-typography3-font-family);font-weight:var(--awb-typography3-font-weight);font-style:var(--awb-typography3-font-style);margin:0;letter-spacing:var(--awb-typography3-letter-spacing);text-transform:var(--awb-typography3-text-transform);font-size:1em;line-height:var(--awb-typography3-line-height);\">Mentions l\u00e9gales<\/h3><\/div><div class=\"fusion-text fusion-text-1\"><p>Chaque image et chaque fichier texte pr\u00e9sents sur le site www.gaw-ag.ch sont prot\u00e9g\u00e9s par le droit d\u2019auteur et ne peuvent \u00eatre diffus\u00e9s ou publi\u00e9s d\u2019une quelconque autre mani\u00e8re sans autorisation \u00e9crite pr\u00e9alable. Tous les logos affich\u00e9s sur le site de Gammeter Wohngestaltung AG ou de ses partenaires sont prot\u00e9g\u00e9s.<\/p>\n<\/div><div class=\"fusion-title title fusion-title-2 fusion-sep-none fusion-title-text fusion-title-size-four\" style=\"--awb-text-color:var(--awb-color3);--awb-margin-bottom:30px;--awb-margin-top-small:10px;--awb-margin-right-small:0px;--awb-margin-bottom-small:10px;--awb-margin-left-small:0px;--awb-font-size:var(--awb-typography3-font-size);\"><h4 class=\"fusion-title-heading title-heading-left\" style=\"font-family:var(--awb-typography3-font-family);font-weight:var(--awb-typography3-font-weight);font-style:var(--awb-typography3-font-style);margin:0;letter-spacing:var(--awb-typography3-letter-spacing);text-transform:var(--awb-typography3-text-transform);font-size:1em;line-height:var(--awb-typography3-line-height);\">Contact:<\/h4><\/div><div class=\"fusion-text fusion-text-2\"><p>Gammeter Wohngestaltung AG<br \/>Dollikerstrasse 26<br \/>8707 Uetikon am See<\/p>\n<p>Tel.<a href=\"tel:0041449232651\">+41 44 923 26 51<\/a><br \/>E-Mail: <a href=\"ma&#105;&#108;&#116;&#111;&#x3a;&#x69;&#x6e;&#x66;&#x6f;&#64;g&#97;&#119;&#45;&#97;&#x67;&#x2e;&#x63;&#x68;\">&#x69;&#x6e;&#x66;&#x6f;&#x40;&#x67;&#x61;&#x77;&#x2d;&#x61;&#x67;&#x2e;&#x63;&#x68;<\/a><\/p>\n<\/div><\/div><\/div><\/div><\/div>\n","protected":false},"excerpt":{"rendered":"","protected":false},"author":1,"featured_media":4379,"parent":0,"menu_order":0,"comment_status":"closed","ping_status":"closed","template":"100-width.php","meta":{"_acf_changed":false,"footnotes":""},"class_list":["post-4750","page","type-page","status-publish","has-post-thumbnail","hentry"],"acf":[],"yoast_head":"<!-- This site is optimized with the Yoast SEO plugin v27.4 - https:\/\/yoast.com\/product\/yoast-seo-wordpress\/ -->\n<title>Mentions l\u00e9gales - Gammeter Wohngestaltung AG<\/title>\n<meta name=\"robots\" content=\"index, follow, max-snippet:-1, max-image-preview:large, max-video-preview:-1\" \/>\n<link rel=\"canonical\" href=\"https:\/\/gaw-ag.ch\/impressum\" \/>\n<meta property=\"og:locale\" content=\"fr_FR\" \/>\n<meta property=\"og:type\" content=\"article\" \/>\n<meta property=\"og:title\" content=\"Mentions l\u00e9gales - Gammeter Wohngestaltung AG\" \/>\n<meta property=\"og:url\" content=\"https:\/\/gaw-ag.ch\/impressum\" \/>\n<meta property=\"og:site_name\" content=\"Gammeter Wohngestaltung AG\" \/>\n<meta property=\"article:modified_time\" content=\"2025-10-16T09:07:58+00:00\" \/>\n<meta property=\"og:image\" content=\"https:\/\/gaw-ag.ch\/wp-content\/uploads\/2025\/05\/moduleinterface-9.jpeg\" \/>\n\t<meta property=\"og:image:width\" content=\"2000\" \/>\n\t<meta property=\"og:image:height\" content=\"635\" \/>\n\t<meta property=\"og:image:type\" content=\"image\/jpeg\" \/>\n<meta name=\"twitter:card\" content=\"summary_large_image\" \/>\n<meta name=\"twitter:label1\" content=\"Dur\u00e9e de lecture estim\u00e9e\" \/>\n\t<meta name=\"twitter:data1\" content=\"5 minutes\" \/>\n<script type=\"application\/ld+json\" class=\"yoast-schema-graph\">{\"@context\":\"https:\\\/\\\/schema.org\",\"@graph\":[{\"@type\":\"WebPage\",\"@id\":\"https:\\\/\\\/gaw-ag.ch\\\/impressum\",\"url\":\"https:\\\/\\\/gaw-ag.ch\\\/impressum\",\"name\":\"Mentions l\u00e9gales - Gammeter Wohngestaltung AG\",\"isPartOf\":{\"@id\":\"https:\\\/\\\/gaw-ag.ch\\\/#website\"},\"primaryImageOfPage\":{\"@id\":\"https:\\\/\\\/gaw-ag.ch\\\/impressum#primaryimage\"},\"image\":{\"@id\":\"https:\\\/\\\/gaw-ag.ch\\\/impressum#primaryimage\"},\"thumbnailUrl\":\"https:\\\/\\\/gaw-ag.ch\\\/wp-content\\\/uploads\\\/2025\\\/05\\\/moduleinterface-9.jpeg\",\"datePublished\":\"2025-05-02T09:26:56+00:00\",\"dateModified\":\"2025-10-16T09:07:58+00:00\",\"breadcrumb\":{\"@id\":\"https:\\\/\\\/gaw-ag.ch\\\/impressum#breadcrumb\"},\"inLanguage\":\"fr-FR\",\"potentialAction\":[{\"@type\":\"ReadAction\",\"target\":[\"https:\\\/\\\/gaw-ag.ch\\\/impressum\"]}]},{\"@type\":\"ImageObject\",\"inLanguage\":\"fr-FR\",\"@id\":\"https:\\\/\\\/gaw-ag.ch\\\/impressum#primaryimage\",\"url\":\"https:\\\/\\\/gaw-ag.ch\\\/wp-content\\\/uploads\\\/2025\\\/05\\\/moduleinterface-9.jpeg\",\"contentUrl\":\"https:\\\/\\\/gaw-ag.ch\\\/wp-content\\\/uploads\\\/2025\\\/05\\\/moduleinterface-9.jpeg\",\"width\":2000,\"height\":635},{\"@type\":\"BreadcrumbList\",\"@id\":\"https:\\\/\\\/gaw-ag.ch\\\/impressum#breadcrumb\",\"itemListElement\":[{\"@type\":\"ListItem\",\"position\":1,\"name\":\"Startseite\",\"item\":\"https:\\\/\\\/gaw-ag.ch\\\/\"},{\"@type\":\"ListItem\",\"position\":2,\"name\":\"Mentions l\u00e9gales\"}]},{\"@type\":\"WebSite\",\"@id\":\"https:\\\/\\\/gaw-ag.ch\\\/#website\",\"url\":\"https:\\\/\\\/gaw-ag.ch\\\/\",\"name\":\"Gammeter Wohngestaltung AG\",\"description\":\"\",\"potentialAction\":[{\"@type\":\"SearchAction\",\"target\":{\"@type\":\"EntryPoint\",\"urlTemplate\":\"https:\\\/\\\/gaw-ag.ch\\\/?s={search_term_string}\"},\"query-input\":{\"@type\":\"PropertyValueSpecification\",\"valueRequired\":true,\"valueName\":\"search_term_string\"}}],\"inLanguage\":\"fr-FR\"}]}<\/script>\n<!-- \/ Yoast SEO plugin. -->","yoast_head_json":{"title":"Mentions l\u00e9gales - Gammeter Wohngestaltung AG","robots":{"index":"index","follow":"follow","max-snippet":"max-snippet:-1","max-image-preview":"max-image-preview:large","max-video-preview":"max-video-preview:-1"},"canonical":"https:\/\/gaw-ag.ch\/impressum","og_locale":"fr_FR","og_type":"article","og_title":"Mentions l\u00e9gales - Gammeter Wohngestaltung AG","og_url":"https:\/\/gaw-ag.ch\/impressum","og_site_name":"Gammeter Wohngestaltung AG","article_modified_time":"2025-10-16T09:07:58+00:00","og_image":[{"width":2000,"height":635,"url":"https:\/\/gaw-ag.ch\/wp-content\/uploads\/2025\/05\/moduleinterface-9.jpeg","type":"image\/jpeg"}],"twitter_card":"summary_large_image","twitter_misc":{"Dur\u00e9e de lecture estim\u00e9e":"5 minutes"},"schema":{"@context":"https:\/\/schema.org","@graph":[{"@type":"WebPage","@id":"https:\/\/gaw-ag.ch\/impressum","url":"https:\/\/gaw-ag.ch\/impressum","name":"Mentions l\u00e9gales - Gammeter Wohngestaltung AG","isPartOf":{"@id":"https:\/\/gaw-ag.ch\/#website"},"primaryImageOfPage":{"@id":"https:\/\/gaw-ag.ch\/impressum#primaryimage"},"image":{"@id":"https:\/\/gaw-ag.ch\/impressum#primaryimage"},"thumbnailUrl":"https:\/\/gaw-ag.ch\/wp-content\/uploads\/2025\/05\/moduleinterface-9.jpeg","datePublished":"2025-05-02T09:26:56+00:00","dateModified":"2025-10-16T09:07:58+00:00","breadcrumb":{"@id":"https:\/\/gaw-ag.ch\/impressum#breadcrumb"},"inLanguage":"fr-FR","potentialAction":[{"@type":"ReadAction","target":["https:\/\/gaw-ag.ch\/impressum"]}]},{"@type":"ImageObject","inLanguage":"fr-FR","@id":"https:\/\/gaw-ag.ch\/impressum#primaryimage","url":"https:\/\/gaw-ag.ch\/wp-content\/uploads\/2025\/05\/moduleinterface-9.jpeg","contentUrl":"https:\/\/gaw-ag.ch\/wp-content\/uploads\/2025\/05\/moduleinterface-9.jpeg","width":2000,"height":635},{"@type":"BreadcrumbList","@id":"https:\/\/gaw-ag.ch\/impressum#breadcrumb","itemListElement":[{"@type":"ListItem","position":1,"name":"Startseite","item":"https:\/\/gaw-ag.ch\/"},{"@type":"ListItem","position":2,"name":"Mentions l\u00e9gales"}]},{"@type":"WebSite","@id":"https:\/\/gaw-ag.ch\/#website","url":"https:\/\/gaw-ag.ch\/","name":"Gammeter Wohngestaltung AG","description":"","potentialAction":[{"@type":"SearchAction","target":{"@type":"EntryPoint","urlTemplate":"https:\/\/gaw-ag.ch\/?s={search_term_string}"},"query-input":{"@type":"PropertyValueSpecification","valueRequired":true,"valueName":"search_term_string"}}],"inLanguage":"fr-FR"}]}},"_links":{"self":[{"href":"https:\/\/gaw-ag.ch\/fr\/wp-json\/wp\/v2\/pages\/4750","targetHints":{"allow":["GET"]}}],"collection":[{"href":"https:\/\/gaw-ag.ch\/fr\/wp-json\/wp\/v2\/pages"}],"about":[{"href":"https:\/\/gaw-ag.ch\/fr\/wp-json\/wp\/v2\/types\/page"}],"author":[{"embeddable":true,"href":"https:\/\/gaw-ag.ch\/fr\/wp-json\/wp\/v2\/users\/1"}],"replies":[{"embeddable":true,"href":"https:\/\/gaw-ag.ch\/fr\/wp-json\/wp\/v2\/comments?post=4750"}],"version-history":[{"count":8,"href":"https:\/\/gaw-ag.ch\/fr\/wp-json\/wp\/v2\/pages\/4750\/revisions"}],"predecessor-version":[{"id":5395,"href":"https:\/\/gaw-ag.ch\/fr\/wp-json\/wp\/v2\/pages\/4750\/revisions\/5395"}],"wp:featuredmedia":[{"embeddable":true,"href":"https:\/\/gaw-ag.ch\/fr\/wp-json\/wp\/v2\/media\/4379"}],"wp:attachment":[{"href":"https:\/\/gaw-ag.ch\/fr\/wp-json\/wp\/v2\/media?parent=4750"}],"curies":[{"name":"wp","href":"https:\/\/api.w.org\/{rel}","templated":true}]}}