{"id":4766,"date":"2025-04-30T14:37:31","date_gmt":"2025-04-30T14:37:31","guid":{"rendered":"https:\/\/gaw-ag.ch\/raumakustik\/"},"modified":"2025-05-13T08:35:56","modified_gmt":"2025-05-13T08:35:56","slug":"acoustique-de-la-piece","status":"publish","type":"page","link":"https:\/\/gaw-ag.ch\/fr\/produits\/acoustique-de-la-piece","title":{"rendered":"Acoustique de la pi\u00e8ce"},"content":{"rendered":"<div class=\"fusion-fullwidth fullwidth-box fusion-builder-row-1 fusion-flex-container has-pattern-background has-mask-background nonhundred-percent-fullwidth non-hundred-percent-height-scrolling\" style=\"--awb-border-radius-top-left:0px;--awb-border-radius-top-right:0px;--awb-border-radius-bottom-right:0px;--awb-border-radius-bottom-left:0px;--awb-flex-wrap:wrap;\" ><div class=\"fusion-builder-row fusion-row fusion-flex-align-items-flex-start fusion-flex-content-wrap\" style=\"max-width:1372.8px;margin-left: calc(-4% \/ 2 );margin-right: calc(-4% \/ 2 );\"><div class=\"fusion-layout-column fusion_builder_column fusion-builder-column-0 fusion_builder_column_3_5 3_5 fusion-flex-column fusion-animated\" style=\"--awb-bg-size:cover;--awb-width-large:60%;--awb-margin-top-large:0px;--awb-spacing-right-large:3.2%;--awb-margin-bottom-large:20px;--awb-spacing-left-large:3.2%;--awb-width-medium:60%;--awb-order-medium:0;--awb-spacing-right-medium:3.2%;--awb-spacing-left-medium:3.2%;--awb-width-small:100%;--awb-order-small:1;--awb-spacing-right-small:1.92%;--awb-spacing-left-small:1.92%;\" data-animationType=\"fadeInLeft\" data-animationDuration=\"1.0\" data-animationDelay=\"0.1\" data-animationOffset=\"top-into-view\"><div class=\"fusion-column-wrapper fusion-column-has-shadow fusion-flex-justify-content-flex-start fusion-content-layout-column\"><div class=\"awb-gallery-wrapper awb-gallery-wrapper-1 button-span-no\" style=\"--more-btn-alignment:center;\"><div style=\"margin:-5px;--awb-bordersize:0px;--awb-columns-small:50%;\" class=\"fusion-gallery fusion-gallery-container fusion-grid-2 fusion-columns-total-6 fusion-gallery-layout-grid fusion-gallery-1\"><div style=\"padding:5px;\" class=\"fusion-grid-column fusion-gallery-column fusion-gallery-column-2 hover-type-zoomin\"><div class=\"fusion-gallery-image\"><a href=\"https:\/\/gaw-ag.ch\/wp-content\/uploads\/2025\/05\/Creation-Baumann-Acoustic-Stripes-01.jpg\" rel=\"noreferrer\" data-rel=\"iLightbox[gallery_image_1]\" class=\"fusion-lightbox\" target=\"_self\"><img decoding=\"async\" src=\"https:\/\/gaw-ag.ch\/wp-content\/uploads\/2025\/05\/Creation-Baumann-Acoustic-Stripes-01.jpg\" data-orig-src=\"https:\/\/gaw-ag.ch\/wp-content\/uploads\/2025\/05\/Creation-Baumann-Acoustic-Stripes-01.jpg\" width=\"800\" height=\"534\" alt=\"\" title=\"Creation-Baumann-Acoustic-Stripes-01\" aria-label=\"Creation-Baumann-Acoustic-Stripes-01\" class=\"lazyload img-responsive wp-image-3683\" srcset=\"data:image\/svg+xml,%3Csvg%20xmlns%3D%27http%3A%2F%2Fwww.w3.org%2F2000%2Fsvg%27%20width%3D%27800%27%20height%3D%27534%27%20viewBox%3D%270%200%20800%20534%27%3E%3Crect%20width%3D%27800%27%20height%3D%27534%27%20fill-opacity%3D%220%22%2F%3E%3C%2Fsvg%3E\" data-srcset=\"https:\/\/gaw-ag.ch\/wp-content\/uploads\/2025\/05\/Creation-Baumann-Acoustic-Stripes-01-200x134.jpg 200w, https:\/\/gaw-ag.ch\/wp-content\/uploads\/2025\/05\/Creation-Baumann-Acoustic-Stripes-01-400x267.jpg 400w, https:\/\/gaw-ag.ch\/wp-content\/uploads\/2025\/05\/Creation-Baumann-Acoustic-Stripes-01-600x401.jpg 600w, https:\/\/gaw-ag.ch\/wp-content\/uploads\/2025\/05\/Creation-Baumann-Acoustic-Stripes-01.jpg 800w\" data-sizes=\"auto\" data-orig-sizes=\"(min-width: 2200px) 100vw, (min-width: 712px) 658px, (min-width: 640px) 712px, \" \/><\/a><\/div><\/div><div style=\"padding:5px;\" class=\"fusion-grid-column fusion-gallery-column fusion-gallery-column-2 hover-type-zoomin\"><div class=\"fusion-gallery-image\"><a href=\"https:\/\/gaw-ag.ch\/wp-content\/uploads\/2025\/05\/Creation-Baumann-Acoustic-Room-Divider-04.jpg\" rel=\"noreferrer\" data-rel=\"iLightbox[gallery_image_1]\" class=\"fusion-lightbox\" target=\"_self\"><img decoding=\"async\" src=\"https:\/\/gaw-ag.ch\/wp-content\/uploads\/2025\/05\/Creation-Baumann-Acoustic-Room-Divider-04.jpg\" data-orig-src=\"https:\/\/gaw-ag.ch\/wp-content\/uploads\/2025\/05\/Creation-Baumann-Acoustic-Room-Divider-04.jpg\" width=\"800\" height=\"532\" alt=\"\" title=\"Creation-Baumann-Acoustic-Room-Divider-04\" aria-label=\"Creation-Baumann-Acoustic-Room-Divider-04\" class=\"lazyload img-responsive wp-image-3682\" srcset=\"data:image\/svg+xml,%3Csvg%20xmlns%3D%27http%3A%2F%2Fwww.w3.org%2F2000%2Fsvg%27%20width%3D%27800%27%20height%3D%27532%27%20viewBox%3D%270%200%20800%20532%27%3E%3Crect%20width%3D%27800%27%20height%3D%27532%27%20fill-opacity%3D%220%22%2F%3E%3C%2Fsvg%3E\" data-srcset=\"https:\/\/gaw-ag.ch\/wp-content\/uploads\/2025\/05\/Creation-Baumann-Acoustic-Room-Divider-04-200x133.jpg 200w, https:\/\/gaw-ag.ch\/wp-content\/uploads\/2025\/05\/Creation-Baumann-Acoustic-Room-Divider-04-400x266.jpg 400w, https:\/\/gaw-ag.ch\/wp-content\/uploads\/2025\/05\/Creation-Baumann-Acoustic-Room-Divider-04-600x399.jpg 600w, https:\/\/gaw-ag.ch\/wp-content\/uploads\/2025\/05\/Creation-Baumann-Acoustic-Room-Divider-04.jpg 800w\" data-sizes=\"auto\" data-orig-sizes=\"(min-width: 2200px) 100vw, (min-width: 712px) 658px, (min-width: 640px) 712px, \" \/><\/a><\/div><\/div><div class=\"clearfix\"><\/div><div style=\"padding:5px;\" class=\"fusion-grid-column fusion-gallery-column fusion-gallery-column-2 hover-type-zoomin\"><div class=\"fusion-gallery-image\"><a href=\"https:\/\/gaw-ag.ch\/wp-content\/uploads\/2025\/05\/Creation-Baumann-Acoustic-Room-Divider-02.jpg\" rel=\"noreferrer\" data-rel=\"iLightbox[gallery_image_1]\" class=\"fusion-lightbox\" target=\"_self\"><img decoding=\"async\" src=\"https:\/\/gaw-ag.ch\/wp-content\/uploads\/2025\/05\/Creation-Baumann-Acoustic-Room-Divider-02.jpg\" data-orig-src=\"https:\/\/gaw-ag.ch\/wp-content\/uploads\/2025\/05\/Creation-Baumann-Acoustic-Room-Divider-02.jpg\" width=\"800\" height=\"535\" alt=\"\" title=\"Creation-Baumann-Acoustic-Room-Divider-02\" aria-label=\"Creation-Baumann-Acoustic-Room-Divider-02\" class=\"lazyload img-responsive wp-image-3681\" srcset=\"data:image\/svg+xml,%3Csvg%20xmlns%3D%27http%3A%2F%2Fwww.w3.org%2F2000%2Fsvg%27%20width%3D%27800%27%20height%3D%27535%27%20viewBox%3D%270%200%20800%20535%27%3E%3Crect%20width%3D%27800%27%20height%3D%27535%27%20fill-opacity%3D%220%22%2F%3E%3C%2Fsvg%3E\" data-srcset=\"https:\/\/gaw-ag.ch\/wp-content\/uploads\/2025\/05\/Creation-Baumann-Acoustic-Room-Divider-02-200x134.jpg 200w, https:\/\/gaw-ag.ch\/wp-content\/uploads\/2025\/05\/Creation-Baumann-Acoustic-Room-Divider-02-400x268.jpg 400w, https:\/\/gaw-ag.ch\/wp-content\/uploads\/2025\/05\/Creation-Baumann-Acoustic-Room-Divider-02-600x401.jpg 600w, https:\/\/gaw-ag.ch\/wp-content\/uploads\/2025\/05\/Creation-Baumann-Acoustic-Room-Divider-02.jpg 800w\" data-sizes=\"auto\" data-orig-sizes=\"(min-width: 2200px) 100vw, (min-width: 712px) 658px, (min-width: 640px) 712px, \" \/><\/a><\/div><\/div><div style=\"padding:5px;\" class=\"fusion-grid-column fusion-gallery-column fusion-gallery-column-2 hover-type-zoomin\"><div class=\"fusion-gallery-image\"><a href=\"https:\/\/gaw-ag.ch\/wp-content\/uploads\/2025\/05\/Creation-Baumann-Acoustic-Color-Fields-02.jpg\" rel=\"noreferrer\" data-rel=\"iLightbox[gallery_image_1]\" class=\"fusion-lightbox\" target=\"_self\"><img decoding=\"async\" src=\"https:\/\/gaw-ag.ch\/wp-content\/uploads\/2025\/05\/Creation-Baumann-Acoustic-Color-Fields-02.jpg\" data-orig-src=\"https:\/\/gaw-ag.ch\/wp-content\/uploads\/2025\/05\/Creation-Baumann-Acoustic-Color-Fields-02.jpg\" width=\"800\" height=\"534\" alt=\"\" title=\"Creation-Baumann-Acoustic-Color-Fields-02\" aria-label=\"Creation-Baumann-Acoustic-Color-Fields-02\" class=\"lazyload img-responsive wp-image-3679\" srcset=\"data:image\/svg+xml,%3Csvg%20xmlns%3D%27http%3A%2F%2Fwww.w3.org%2F2000%2Fsvg%27%20width%3D%27800%27%20height%3D%27534%27%20viewBox%3D%270%200%20800%20534%27%3E%3Crect%20width%3D%27800%27%20height%3D%27534%27%20fill-opacity%3D%220%22%2F%3E%3C%2Fsvg%3E\" data-srcset=\"https:\/\/gaw-ag.ch\/wp-content\/uploads\/2025\/05\/Creation-Baumann-Acoustic-Color-Fields-02-200x134.jpg 200w, https:\/\/gaw-ag.ch\/wp-content\/uploads\/2025\/05\/Creation-Baumann-Acoustic-Color-Fields-02-400x267.jpg 400w, https:\/\/gaw-ag.ch\/wp-content\/uploads\/2025\/05\/Creation-Baumann-Acoustic-Color-Fields-02-600x401.jpg 600w, https:\/\/gaw-ag.ch\/wp-content\/uploads\/2025\/05\/Creation-Baumann-Acoustic-Color-Fields-02.jpg 800w\" data-sizes=\"auto\" data-orig-sizes=\"(min-width: 2200px) 100vw, (min-width: 712px) 658px, (min-width: 640px) 712px, \" \/><\/a><\/div><\/div><div class=\"clearfix\"><\/div><div style=\"padding:5px;\" class=\"fusion-grid-column fusion-gallery-column fusion-gallery-column-2 hover-type-zoomin\"><div class=\"fusion-gallery-image\"><a href=\"https:\/\/gaw-ag.ch\/wp-content\/uploads\/2025\/05\/Creation-Baumann-Acoustic-Fiber-Ceiling-01.jpg\" rel=\"noreferrer\" data-rel=\"iLightbox[gallery_image_1]\" class=\"fusion-lightbox\" target=\"_self\"><img decoding=\"async\" src=\"https:\/\/gaw-ag.ch\/wp-content\/uploads\/2025\/05\/Creation-Baumann-Acoustic-Fiber-Ceiling-01.jpg\" data-orig-src=\"https:\/\/gaw-ag.ch\/wp-content\/uploads\/2025\/05\/Creation-Baumann-Acoustic-Fiber-Ceiling-01.jpg\" width=\"800\" height=\"532\" alt=\"\" title=\"Creation-Baumann-Acoustic-Fiber-Ceiling-01\" aria-label=\"Creation-Baumann-Acoustic-Fiber-Ceiling-01\" class=\"lazyload img-responsive wp-image-3680\" srcset=\"data:image\/svg+xml,%3Csvg%20xmlns%3D%27http%3A%2F%2Fwww.w3.org%2F2000%2Fsvg%27%20width%3D%27800%27%20height%3D%27532%27%20viewBox%3D%270%200%20800%20532%27%3E%3Crect%20width%3D%27800%27%20height%3D%27532%27%20fill-opacity%3D%220%22%2F%3E%3C%2Fsvg%3E\" data-srcset=\"https:\/\/gaw-ag.ch\/wp-content\/uploads\/2025\/05\/Creation-Baumann-Acoustic-Fiber-Ceiling-01-200x133.jpg 200w, https:\/\/gaw-ag.ch\/wp-content\/uploads\/2025\/05\/Creation-Baumann-Acoustic-Fiber-Ceiling-01-400x266.jpg 400w, https:\/\/gaw-ag.ch\/wp-content\/uploads\/2025\/05\/Creation-Baumann-Acoustic-Fiber-Ceiling-01-600x399.jpg 600w, https:\/\/gaw-ag.ch\/wp-content\/uploads\/2025\/05\/Creation-Baumann-Acoustic-Fiber-Ceiling-01.jpg 800w\" data-sizes=\"auto\" data-orig-sizes=\"(min-width: 2200px) 100vw, (min-width: 712px) 658px, (min-width: 640px) 712px, \" \/><\/a><\/div><\/div><div style=\"padding:5px;\" class=\"fusion-grid-column fusion-gallery-column fusion-gallery-column-2 hover-type-zoomin\"><div class=\"fusion-gallery-image\"><a href=\"https:\/\/gaw-ag.ch\/wp-content\/uploads\/2025\/05\/Creation_Bauamann_KENT_01.jpg\" rel=\"noreferrer\" data-rel=\"iLightbox[gallery_image_1]\" class=\"fusion-lightbox\" target=\"_self\"><img decoding=\"async\" src=\"https:\/\/gaw-ag.ch\/wp-content\/uploads\/2025\/05\/Creation_Bauamann_KENT_01.jpg\" data-orig-src=\"https:\/\/gaw-ag.ch\/wp-content\/uploads\/2025\/05\/Creation_Bauamann_KENT_01.jpg\" width=\"800\" height=\"534\" alt=\"\" title=\"Creation_Bauamann_KENT_01\" aria-label=\"Creation_Bauamann_KENT_01\" class=\"lazyload img-responsive wp-image-3678\" srcset=\"data:image\/svg+xml,%3Csvg%20xmlns%3D%27http%3A%2F%2Fwww.w3.org%2F2000%2Fsvg%27%20width%3D%27800%27%20height%3D%27534%27%20viewBox%3D%270%200%20800%20534%27%3E%3Crect%20width%3D%27800%27%20height%3D%27534%27%20fill-opacity%3D%220%22%2F%3E%3C%2Fsvg%3E\" data-srcset=\"https:\/\/gaw-ag.ch\/wp-content\/uploads\/2025\/05\/Creation_Bauamann_KENT_01-200x134.jpg 200w, https:\/\/gaw-ag.ch\/wp-content\/uploads\/2025\/05\/Creation_Bauamann_KENT_01-400x267.jpg 400w, https:\/\/gaw-ag.ch\/wp-content\/uploads\/2025\/05\/Creation_Bauamann_KENT_01-600x401.jpg 600w, https:\/\/gaw-ag.ch\/wp-content\/uploads\/2025\/05\/Creation_Bauamann_KENT_01.jpg 800w\" data-sizes=\"auto\" data-orig-sizes=\"(min-width: 2200px) 100vw, (min-width: 712px) 658px, (min-width: 640px) 712px, \" \/><\/a><\/div><\/div><div class=\"clearfix\"><\/div><\/div><\/div><\/div><\/div><div class=\"fusion-layout-column fusion_builder_column fusion-builder-column-1 fusion_builder_column_2_5 2_5 fusion-flex-column fusion-animated\" style=\"--awb-bg-size:cover;--awb-width-large:40%;--awb-margin-top-large:0px;--awb-spacing-right-large:4.8%;--awb-margin-bottom-large:20px;--awb-spacing-left-large:4.8%;--awb-width-medium:40%;--awb-order-medium:0;--awb-spacing-right-medium:4.8%;--awb-spacing-left-medium:4.8%;--awb-width-small:100%;--awb-order-small:0;--awb-spacing-right-small:1.92%;--awb-spacing-left-small:1.92%;\" data-animationType=\"fadeInRight\" data-animationDuration=\"1.0\" data-animationDelay=\"0.1\" data-animationOffset=\"top-into-view\"><div class=\"fusion-column-wrapper fusion-column-has-shadow fusion-flex-justify-content-flex-start fusion-content-layout-column\"><div class=\"fusion-title title fusion-title-1 fusion-sep-none fusion-title-text fusion-title-size-three\" style=\"--awb-text-color:var(--awb-color3);--awb-margin-bottom:30px;--awb-margin-top-small:10px;--awb-margin-right-small:0px;--awb-margin-bottom-small:10px;--awb-margin-left-small:0px;--awb-font-size:var(--awb-typography3-font-size);\"><h3 class=\"fusion-title-heading title-heading-left\" style=\"font-family:var(--awb-typography3-font-family);font-weight:var(--awb-typography3-font-weight);font-style:var(--awb-typography3-font-style);margin:0;letter-spacing:var(--awb-typography3-letter-spacing);text-transform:var(--awb-typography3-text-transform);font-size:1em;line-height:var(--awb-typography3-line-height);\">D\u00e9couvrez la sensation de confort parfaite avec nos solutions acoustiques innovantes!<\/h3><\/div><div class=\"fusion-text fusion-text-1\" style=\"--awb-font-size:var(--awb-typography4-font-size);--awb-line-height:var(--awb-typography4-line-height);--awb-letter-spacing:var(--awb-typography4-letter-spacing);--awb-text-transform:var(--awb-typography4-text-transform);--awb-text-font-family:var(--awb-typography4-font-family);--awb-text-font-weight:var(--awb-typography4-font-weight);--awb-text-font-style:var(--awb-typography4-font-style);\"><p>Que ce soit \u00e0 la maison, au bureau ou dans des espaces commerciaux, nous avons les solutions adapt\u00e9es pour optimiser l&rsquo;acoustique de votre pi\u00e8ce. Nos absorbeurs de son, comprenant des \u00e9l\u00e9ments muraux \u00e9l\u00e9gants, des tableaux acoustiques impressionnants, des panneaux acoustiques efficaces, des rideaux acoustiques \u00e9l\u00e9gants et des voiles acoustiques polyvalents, garantissent une qualit\u00e9 sonore nettement am\u00e9lior\u00e9e.<\/p>\n<p>En tant que votre partenaire comp\u00e9tent, nous vous offrons une consultation compl\u00e8te et professionnelle sur le sujet de l&rsquo;acoustique. Laissez-vous inspirer par nos id\u00e9es cr\u00e9atives et n&rsquo;h\u00e9sitez pas \u00e0 nous contacter. Ensemble, cr\u00e9ons des espaces qui ne sont pas seulement beaux, mais qui sonnent aussi parfaitement!<\/p>\n<p>Images : Cr\u00e9ation Baumann.<\/p>\n<\/div><\/div><\/div><\/div><\/div>\n","protected":false},"excerpt":{"rendered":"","protected":false},"author":1,"featured_media":4375,"parent":4831,"menu_order":0,"comment_status":"closed","ping_status":"closed","template":"100-width.php","meta":{"_acf_changed":false,"footnotes":""},"class_list":["post-4766","page","type-page","status-publish","has-post-thumbnail","hentry"],"acf":[],"yoast_head":"<!-- This site is optimized with the Yoast SEO plugin v27.4 - https:\/\/yoast.com\/product\/yoast-seo-wordpress\/ -->\n<title>Acoustique de la pi\u00e8ce - Gammeter Wohngestaltung AG<\/title>\n<meta name=\"robots\" content=\"index, follow, max-snippet:-1, max-image-preview:large, max-video-preview:-1\" \/>\n<link rel=\"canonical\" href=\"https:\/\/gaw-ag.ch\/fr\/produits\/acoustique-de-la-piece\" \/>\n<meta property=\"og:locale\" content=\"fr_FR\" \/>\n<meta property=\"og:type\" content=\"article\" \/>\n<meta property=\"og:title\" content=\"Acoustique de la pi\u00e8ce - Gammeter Wohngestaltung AG\" \/>\n<meta property=\"og:url\" content=\"https:\/\/gaw-ag.ch\/fr\/produits\/acoustique-de-la-piece\" \/>\n<meta property=\"og:site_name\" content=\"Gammeter Wohngestaltung AG\" \/>\n<meta property=\"article:modified_time\" content=\"2025-05-13T08:35:56+00:00\" \/>\n<meta property=\"og:image\" content=\"https:\/\/gaw-ag.ch\/wp-content\/uploads\/2025\/05\/moduleinterface-7.jpeg\" \/>\n\t<meta property=\"og:image:width\" content=\"2000\" \/>\n\t<meta property=\"og:image:height\" content=\"635\" \/>\n\t<meta property=\"og:image:type\" content=\"image\/jpeg\" \/>\n<meta name=\"twitter:card\" content=\"summary_large_image\" \/>\n<meta name=\"twitter:label1\" content=\"Dur\u00e9e de lecture estim\u00e9e\" \/>\n\t<meta name=\"twitter:data1\" content=\"6 minutes\" \/>\n<script type=\"application\/ld+json\" class=\"yoast-schema-graph\">{\"@context\":\"https:\\\/\\\/schema.org\",\"@graph\":[{\"@type\":\"WebPage\",\"@id\":\"https:\\\/\\\/gaw-ag.ch\\\/fr\\\/produits\\\/acoustique-de-la-piece\",\"url\":\"https:\\\/\\\/gaw-ag.ch\\\/fr\\\/produits\\\/acoustique-de-la-piece\",\"name\":\"Acoustique de la pi\u00e8ce - Gammeter Wohngestaltung AG\",\"isPartOf\":{\"@id\":\"https:\\\/\\\/gaw-ag.ch\\\/#website\"},\"primaryImageOfPage\":{\"@id\":\"https:\\\/\\\/gaw-ag.ch\\\/fr\\\/produits\\\/acoustique-de-la-piece#primaryimage\"},\"image\":{\"@id\":\"https:\\\/\\\/gaw-ag.ch\\\/fr\\\/produits\\\/acoustique-de-la-piece#primaryimage\"},\"thumbnailUrl\":\"https:\\\/\\\/gaw-ag.ch\\\/wp-content\\\/uploads\\\/2025\\\/05\\\/moduleinterface-7.jpeg\",\"datePublished\":\"2025-04-30T14:37:31+00:00\",\"dateModified\":\"2025-05-13T08:35:56+00:00\",\"breadcrumb\":{\"@id\":\"https:\\\/\\\/gaw-ag.ch\\\/fr\\\/produits\\\/acoustique-de-la-piece#breadcrumb\"},\"inLanguage\":\"fr-FR\",\"potentialAction\":[{\"@type\":\"ReadAction\",\"target\":[\"https:\\\/\\\/gaw-ag.ch\\\/fr\\\/produits\\\/acoustique-de-la-piece\"]}]},{\"@type\":\"ImageObject\",\"inLanguage\":\"fr-FR\",\"@id\":\"https:\\\/\\\/gaw-ag.ch\\\/fr\\\/produits\\\/acoustique-de-la-piece#primaryimage\",\"url\":\"https:\\\/\\\/gaw-ag.ch\\\/wp-content\\\/uploads\\\/2025\\\/05\\\/moduleinterface-7.jpeg\",\"contentUrl\":\"https:\\\/\\\/gaw-ag.ch\\\/wp-content\\\/uploads\\\/2025\\\/05\\\/moduleinterface-7.jpeg\",\"width\":2000,\"height\":635},{\"@type\":\"BreadcrumbList\",\"@id\":\"https:\\\/\\\/gaw-ag.ch\\\/fr\\\/produits\\\/acoustique-de-la-piece#breadcrumb\",\"itemListElement\":[{\"@type\":\"ListItem\",\"position\":1,\"name\":\"Startseite\",\"item\":\"https:\\\/\\\/gaw-ag.ch\\\/\"},{\"@type\":\"ListItem\",\"position\":2,\"name\":\"Produits\",\"item\":\"https:\\\/\\\/gaw-ag.ch\\\/fr\\\/produits\"},{\"@type\":\"ListItem\",\"position\":3,\"name\":\"Acoustique de la pi\u00e8ce\"}]},{\"@type\":\"WebSite\",\"@id\":\"https:\\\/\\\/gaw-ag.ch\\\/#website\",\"url\":\"https:\\\/\\\/gaw-ag.ch\\\/\",\"name\":\"Gammeter Wohngestaltung AG\",\"description\":\"\",\"potentialAction\":[{\"@type\":\"SearchAction\",\"target\":{\"@type\":\"EntryPoint\",\"urlTemplate\":\"https:\\\/\\\/gaw-ag.ch\\\/?s={search_term_string}\"},\"query-input\":{\"@type\":\"PropertyValueSpecification\",\"valueRequired\":true,\"valueName\":\"search_term_string\"}}],\"inLanguage\":\"fr-FR\"}]}<\/script>\n<!-- \/ Yoast SEO plugin. -->","yoast_head_json":{"title":"Acoustique de la pi\u00e8ce - Gammeter Wohngestaltung AG","robots":{"index":"index","follow":"follow","max-snippet":"max-snippet:-1","max-image-preview":"max-image-preview:large","max-video-preview":"max-video-preview:-1"},"canonical":"https:\/\/gaw-ag.ch\/fr\/produits\/acoustique-de-la-piece","og_locale":"fr_FR","og_type":"article","og_title":"Acoustique de la pi\u00e8ce - Gammeter Wohngestaltung AG","og_url":"https:\/\/gaw-ag.ch\/fr\/produits\/acoustique-de-la-piece","og_site_name":"Gammeter Wohngestaltung AG","article_modified_time":"2025-05-13T08:35:56+00:00","og_image":[{"width":2000,"height":635,"url":"https:\/\/gaw-ag.ch\/wp-content\/uploads\/2025\/05\/moduleinterface-7.jpeg","type":"image\/jpeg"}],"twitter_card":"summary_large_image","twitter_misc":{"Dur\u00e9e de lecture estim\u00e9e":"6 minutes"},"schema":{"@context":"https:\/\/schema.org","@graph":[{"@type":"WebPage","@id":"https:\/\/gaw-ag.ch\/fr\/produits\/acoustique-de-la-piece","url":"https:\/\/gaw-ag.ch\/fr\/produits\/acoustique-de-la-piece","name":"Acoustique de la pi\u00e8ce - Gammeter Wohngestaltung AG","isPartOf":{"@id":"https:\/\/gaw-ag.ch\/#website"},"primaryImageOfPage":{"@id":"https:\/\/gaw-ag.ch\/fr\/produits\/acoustique-de-la-piece#primaryimage"},"image":{"@id":"https:\/\/gaw-ag.ch\/fr\/produits\/acoustique-de-la-piece#primaryimage"},"thumbnailUrl":"https:\/\/gaw-ag.ch\/wp-content\/uploads\/2025\/05\/moduleinterface-7.jpeg","datePublished":"2025-04-30T14:37:31+00:00","dateModified":"2025-05-13T08:35:56+00:00","breadcrumb":{"@id":"https:\/\/gaw-ag.ch\/fr\/produits\/acoustique-de-la-piece#breadcrumb"},"inLanguage":"fr-FR","potentialAction":[{"@type":"ReadAction","target":["https:\/\/gaw-ag.ch\/fr\/produits\/acoustique-de-la-piece"]}]},{"@type":"ImageObject","inLanguage":"fr-FR","@id":"https:\/\/gaw-ag.ch\/fr\/produits\/acoustique-de-la-piece#primaryimage","url":"https:\/\/gaw-ag.ch\/wp-content\/uploads\/2025\/05\/moduleinterface-7.jpeg","contentUrl":"https:\/\/gaw-ag.ch\/wp-content\/uploads\/2025\/05\/moduleinterface-7.jpeg","width":2000,"height":635},{"@type":"BreadcrumbList","@id":"https:\/\/gaw-ag.ch\/fr\/produits\/acoustique-de-la-piece#breadcrumb","itemListElement":[{"@type":"ListItem","position":1,"name":"Startseite","item":"https:\/\/gaw-ag.ch\/"},{"@type":"ListItem","position":2,"name":"Produits","item":"https:\/\/gaw-ag.ch\/fr\/produits"},{"@type":"ListItem","position":3,"name":"Acoustique de la pi\u00e8ce"}]},{"@type":"WebSite","@id":"https:\/\/gaw-ag.ch\/#website","url":"https:\/\/gaw-ag.ch\/","name":"Gammeter Wohngestaltung AG","description":"","potentialAction":[{"@type":"SearchAction","target":{"@type":"EntryPoint","urlTemplate":"https:\/\/gaw-ag.ch\/?s={search_term_string}"},"query-input":{"@type":"PropertyValueSpecification","valueRequired":true,"valueName":"search_term_string"}}],"inLanguage":"fr-FR"}]}},"_links":{"self":[{"href":"https:\/\/gaw-ag.ch\/fr\/wp-json\/wp\/v2\/pages\/4766","targetHints":{"allow":["GET"]}}],"collection":[{"href":"https:\/\/gaw-ag.ch\/fr\/wp-json\/wp\/v2\/pages"}],"about":[{"href":"https:\/\/gaw-ag.ch\/fr\/wp-json\/wp\/v2\/types\/page"}],"author":[{"embeddable":true,"href":"https:\/\/gaw-ag.ch\/fr\/wp-json\/wp\/v2\/users\/1"}],"replies":[{"embeddable":true,"href":"https:\/\/gaw-ag.ch\/fr\/wp-json\/wp\/v2\/comments?post=4766"}],"version-history":[{"count":4,"href":"https:\/\/gaw-ag.ch\/fr\/wp-json\/wp\/v2\/pages\/4766\/revisions"}],"predecessor-version":[{"id":4971,"href":"https:\/\/gaw-ag.ch\/fr\/wp-json\/wp\/v2\/pages\/4766\/revisions\/4971"}],"up":[{"embeddable":true,"href":"https:\/\/gaw-ag.ch\/fr\/wp-json\/wp\/v2\/pages\/4831"}],"wp:featuredmedia":[{"embeddable":true,"href":"https:\/\/gaw-ag.ch\/fr\/wp-json\/wp\/v2\/media\/4375"}],"wp:attachment":[{"href":"https:\/\/gaw-ag.ch\/fr\/wp-json\/wp\/v2\/media?parent=4766"}],"curies":[{"name":"wp","href":"https:\/\/api.w.org\/{rel}","templated":true}]}}