{"id":4776,"date":"2025-04-30T14:36:07","date_gmt":"2025-04-30T14:36:07","guid":{"rendered":"https:\/\/gaw-ag.ch\/bodenbelaege\/"},"modified":"2025-05-13T08:37:07","modified_gmt":"2025-05-13T08:37:07","slug":"revetements-de-sol","status":"publish","type":"page","link":"https:\/\/gaw-ag.ch\/fr\/produits\/revetements-de-sol","title":{"rendered":"Rev\u00eatements de sol"},"content":{"rendered":"<div class=\"fusion-fullwidth fullwidth-box fusion-builder-row-1 fusion-flex-container has-pattern-background has-mask-background nonhundred-percent-fullwidth non-hundred-percent-height-scrolling\" style=\"--awb-border-radius-top-left:0px;--awb-border-radius-top-right:0px;--awb-border-radius-bottom-right:0px;--awb-border-radius-bottom-left:0px;--awb-flex-wrap:wrap;\" ><div class=\"fusion-builder-row fusion-row fusion-flex-align-items-flex-start fusion-flex-content-wrap\" style=\"max-width:1372.8px;margin-left: calc(-4% \/ 2 );margin-right: calc(-4% \/ 2 );\"><div class=\"fusion-layout-column fusion_builder_column fusion-builder-column-0 fusion_builder_column_3_5 3_5 fusion-flex-column fusion-animated\" style=\"--awb-bg-size:cover;--awb-width-large:60%;--awb-margin-top-large:0px;--awb-spacing-right-large:3.2%;--awb-margin-bottom-large:20px;--awb-spacing-left-large:3.2%;--awb-width-medium:60%;--awb-order-medium:0;--awb-spacing-right-medium:3.2%;--awb-spacing-left-medium:3.2%;--awb-width-small:100%;--awb-order-small:1;--awb-spacing-right-small:1.92%;--awb-spacing-left-small:1.92%;\" data-animationType=\"fadeInLeft\" data-animationDuration=\"1.0\" data-animationDelay=\"0.1\" data-animationOffset=\"top-into-view\"><div class=\"fusion-column-wrapper fusion-column-has-shadow fusion-flex-justify-content-flex-start fusion-content-layout-column\"><div class=\"awb-gallery-wrapper awb-gallery-wrapper-1 button-span-no\" style=\"--more-btn-alignment:center;\"><div style=\"margin:-5px;--awb-bordersize:0px;--awb-columns-small:50%;\" class=\"fusion-gallery fusion-gallery-container fusion-grid-2 fusion-columns-total-5 fusion-gallery-layout-grid fusion-gallery-1\"><div style=\"padding:5px;\" class=\"fusion-grid-column fusion-gallery-column fusion-gallery-column-2 hover-type-zoomin\"><div class=\"fusion-gallery-image\"><a href=\"https:\/\/gaw-ag.ch\/wp-content\/uploads\/2025\/05\/1.jpg\" rel=\"noreferrer\" data-rel=\"iLightbox[gallery_image_1]\" class=\"fusion-lightbox\" target=\"_self\"><img decoding=\"async\" src=\"https:\/\/gaw-ag.ch\/wp-content\/uploads\/2025\/05\/1.jpg\" data-orig-src=\"https:\/\/gaw-ag.ch\/wp-content\/uploads\/2025\/05\/1.jpg\" width=\"900\" height=\"603\" alt=\"\" title=\"1\" aria-label=\"1\" class=\"lazyload img-responsive wp-image-3592\" srcset=\"data:image\/svg+xml,%3Csvg%20xmlns%3D%27http%3A%2F%2Fwww.w3.org%2F2000%2Fsvg%27%20width%3D%27900%27%20height%3D%27603%27%20viewBox%3D%270%200%20900%20603%27%3E%3Crect%20width%3D%27900%27%20height%3D%27603%27%20fill-opacity%3D%220%22%2F%3E%3C%2Fsvg%3E\" data-srcset=\"https:\/\/gaw-ag.ch\/wp-content\/uploads\/2025\/05\/1-200x134.jpg 200w, https:\/\/gaw-ag.ch\/wp-content\/uploads\/2025\/05\/1-400x268.jpg 400w, https:\/\/gaw-ag.ch\/wp-content\/uploads\/2025\/05\/1-600x402.jpg 600w, https:\/\/gaw-ag.ch\/wp-content\/uploads\/2025\/05\/1-800x536.jpg 800w, https:\/\/gaw-ag.ch\/wp-content\/uploads\/2025\/05\/1.jpg 900w\" data-sizes=\"auto\" data-orig-sizes=\"(min-width: 2200px) 100vw, (min-width: 712px) 658px, (min-width: 640px) 712px, \" \/><\/a><\/div><\/div><div style=\"padding:5px;\" class=\"fusion-grid-column fusion-gallery-column fusion-gallery-column-2 hover-type-zoomin\"><div class=\"fusion-gallery-image\"><a href=\"https:\/\/gaw-ag.ch\/wp-content\/uploads\/2025\/05\/2.jpg\" rel=\"noreferrer\" data-rel=\"iLightbox[gallery_image_1]\" class=\"fusion-lightbox\" target=\"_self\"><img decoding=\"async\" src=\"https:\/\/gaw-ag.ch\/wp-content\/uploads\/2025\/05\/2.jpg\" data-orig-src=\"https:\/\/gaw-ag.ch\/wp-content\/uploads\/2025\/05\/2.jpg\" width=\"900\" height=\"603\" alt=\"\" title=\"2\" aria-label=\"2\" class=\"lazyload img-responsive wp-image-3593\" srcset=\"data:image\/svg+xml,%3Csvg%20xmlns%3D%27http%3A%2F%2Fwww.w3.org%2F2000%2Fsvg%27%20width%3D%27900%27%20height%3D%27603%27%20viewBox%3D%270%200%20900%20603%27%3E%3Crect%20width%3D%27900%27%20height%3D%27603%27%20fill-opacity%3D%220%22%2F%3E%3C%2Fsvg%3E\" data-srcset=\"https:\/\/gaw-ag.ch\/wp-content\/uploads\/2025\/05\/2-200x134.jpg 200w, https:\/\/gaw-ag.ch\/wp-content\/uploads\/2025\/05\/2-400x268.jpg 400w, https:\/\/gaw-ag.ch\/wp-content\/uploads\/2025\/05\/2-600x402.jpg 600w, https:\/\/gaw-ag.ch\/wp-content\/uploads\/2025\/05\/2-800x536.jpg 800w, https:\/\/gaw-ag.ch\/wp-content\/uploads\/2025\/05\/2.jpg 900w\" data-sizes=\"auto\" data-orig-sizes=\"(min-width: 2200px) 100vw, (min-width: 712px) 658px, (min-width: 640px) 712px, \" \/><\/a><\/div><\/div><div class=\"clearfix\"><\/div><div style=\"padding:5px;\" class=\"fusion-grid-column fusion-gallery-column fusion-gallery-column-2 hover-type-zoomin\"><div class=\"fusion-gallery-image\"><a href=\"https:\/\/gaw-ag.ch\/wp-content\/uploads\/2025\/05\/3.jpg\" rel=\"noreferrer\" data-rel=\"iLightbox[gallery_image_1]\" class=\"fusion-lightbox\" target=\"_self\"><img decoding=\"async\" src=\"https:\/\/gaw-ag.ch\/wp-content\/uploads\/2025\/05\/3.jpg\" data-orig-src=\"https:\/\/gaw-ag.ch\/wp-content\/uploads\/2025\/05\/3.jpg\" width=\"900\" height=\"603\" alt=\"\" title=\"3\" aria-label=\"3\" class=\"lazyload img-responsive wp-image-3594\" srcset=\"data:image\/svg+xml,%3Csvg%20xmlns%3D%27http%3A%2F%2Fwww.w3.org%2F2000%2Fsvg%27%20width%3D%27900%27%20height%3D%27603%27%20viewBox%3D%270%200%20900%20603%27%3E%3Crect%20width%3D%27900%27%20height%3D%27603%27%20fill-opacity%3D%220%22%2F%3E%3C%2Fsvg%3E\" data-srcset=\"https:\/\/gaw-ag.ch\/wp-content\/uploads\/2025\/05\/3-200x134.jpg 200w, https:\/\/gaw-ag.ch\/wp-content\/uploads\/2025\/05\/3-400x268.jpg 400w, https:\/\/gaw-ag.ch\/wp-content\/uploads\/2025\/05\/3-600x402.jpg 600w, https:\/\/gaw-ag.ch\/wp-content\/uploads\/2025\/05\/3-800x536.jpg 800w, https:\/\/gaw-ag.ch\/wp-content\/uploads\/2025\/05\/3.jpg 900w\" data-sizes=\"auto\" data-orig-sizes=\"(min-width: 2200px) 100vw, (min-width: 712px) 658px, (min-width: 640px) 712px, \" \/><\/a><\/div><\/div><div style=\"padding:5px;\" class=\"fusion-grid-column fusion-gallery-column fusion-gallery-column-2 hover-type-zoomin\"><div class=\"fusion-gallery-image\"><a href=\"https:\/\/gaw-ag.ch\/wp-content\/uploads\/2025\/05\/4.jpg\" rel=\"noreferrer\" data-rel=\"iLightbox[gallery_image_1]\" class=\"fusion-lightbox\" target=\"_self\"><img decoding=\"async\" src=\"https:\/\/gaw-ag.ch\/wp-content\/uploads\/2025\/05\/4.jpg\" data-orig-src=\"https:\/\/gaw-ag.ch\/wp-content\/uploads\/2025\/05\/4.jpg\" width=\"900\" height=\"603\" alt=\"\" title=\"4\" aria-label=\"4\" class=\"lazyload img-responsive wp-image-3595\" srcset=\"data:image\/svg+xml,%3Csvg%20xmlns%3D%27http%3A%2F%2Fwww.w3.org%2F2000%2Fsvg%27%20width%3D%27900%27%20height%3D%27603%27%20viewBox%3D%270%200%20900%20603%27%3E%3Crect%20width%3D%27900%27%20height%3D%27603%27%20fill-opacity%3D%220%22%2F%3E%3C%2Fsvg%3E\" data-srcset=\"https:\/\/gaw-ag.ch\/wp-content\/uploads\/2025\/05\/4-200x134.jpg 200w, https:\/\/gaw-ag.ch\/wp-content\/uploads\/2025\/05\/4-400x268.jpg 400w, https:\/\/gaw-ag.ch\/wp-content\/uploads\/2025\/05\/4-600x402.jpg 600w, https:\/\/gaw-ag.ch\/wp-content\/uploads\/2025\/05\/4-800x536.jpg 800w, https:\/\/gaw-ag.ch\/wp-content\/uploads\/2025\/05\/4.jpg 900w\" data-sizes=\"auto\" data-orig-sizes=\"(min-width: 2200px) 100vw, (min-width: 712px) 658px, (min-width: 640px) 712px, \" \/><\/a><\/div><\/div><div class=\"clearfix\"><\/div><div style=\"padding:5px;\" class=\"fusion-grid-column fusion-gallery-column fusion-gallery-column-2 hover-type-zoomin\"><div class=\"fusion-gallery-image\"><a href=\"https:\/\/gaw-ag.ch\/wp-content\/uploads\/2025\/05\/5.jpg\" rel=\"noreferrer\" data-rel=\"iLightbox[gallery_image_1]\" class=\"fusion-lightbox\" target=\"_self\"><img decoding=\"async\" src=\"https:\/\/gaw-ag.ch\/wp-content\/uploads\/2025\/05\/5.jpg\" data-orig-src=\"https:\/\/gaw-ag.ch\/wp-content\/uploads\/2025\/05\/5.jpg\" width=\"900\" height=\"603\" alt=\"\" title=\"5\" aria-label=\"5\" class=\"lazyload img-responsive wp-image-3596\" srcset=\"data:image\/svg+xml,%3Csvg%20xmlns%3D%27http%3A%2F%2Fwww.w3.org%2F2000%2Fsvg%27%20width%3D%27900%27%20height%3D%27603%27%20viewBox%3D%270%200%20900%20603%27%3E%3Crect%20width%3D%27900%27%20height%3D%27603%27%20fill-opacity%3D%220%22%2F%3E%3C%2Fsvg%3E\" data-srcset=\"https:\/\/gaw-ag.ch\/wp-content\/uploads\/2025\/05\/5-200x134.jpg 200w, https:\/\/gaw-ag.ch\/wp-content\/uploads\/2025\/05\/5-400x268.jpg 400w, https:\/\/gaw-ag.ch\/wp-content\/uploads\/2025\/05\/5-600x402.jpg 600w, https:\/\/gaw-ag.ch\/wp-content\/uploads\/2025\/05\/5-800x536.jpg 800w, https:\/\/gaw-ag.ch\/wp-content\/uploads\/2025\/05\/5.jpg 900w\" data-sizes=\"auto\" data-orig-sizes=\"(min-width: 2200px) 100vw, (min-width: 712px) 658px, (min-width: 640px) 712px, \" \/><\/a><\/div><\/div><\/div><\/div><\/div><\/div><div class=\"fusion-layout-column fusion_builder_column fusion-builder-column-1 fusion_builder_column_2_5 2_5 fusion-flex-column fusion-animated\" style=\"--awb-bg-size:cover;--awb-width-large:40%;--awb-margin-top-large:0px;--awb-spacing-right-large:4.8%;--awb-margin-bottom-large:20px;--awb-spacing-left-large:4.8%;--awb-width-medium:40%;--awb-order-medium:0;--awb-spacing-right-medium:4.8%;--awb-spacing-left-medium:4.8%;--awb-width-small:100%;--awb-order-small:0;--awb-spacing-right-small:1.92%;--awb-margin-bottom-small:50px;--awb-spacing-left-small:1.92%;\" data-animationType=\"fadeInRight\" data-animationDuration=\"1.0\" data-animationDelay=\"0.1\" data-animationOffset=\"top-into-view\"><div class=\"fusion-column-wrapper fusion-column-has-shadow fusion-flex-justify-content-flex-start fusion-content-layout-column\"><div class=\"fusion-title title fusion-title-1 fusion-sep-none fusion-title-text fusion-title-size-three\" style=\"--awb-text-color:var(--awb-color3);--awb-margin-bottom:30px;--awb-margin-top-small:10px;--awb-margin-right-small:0px;--awb-margin-bottom-small:10px;--awb-margin-left-small:0px;--awb-font-size:var(--awb-typography3-font-size);\"><h3 class=\"fusion-title-heading title-heading-left\" style=\"font-family:var(--awb-typography3-font-family);font-weight:var(--awb-typography3-font-weight);font-style:var(--awb-typography3-font-style);margin:0;letter-spacing:var(--awb-typography3-letter-spacing);text-transform:var(--awb-typography3-text-transform);font-size:1em;line-height:38px;\">Style, fonctionnalit\u00e9 et r\u00e9sistance.<\/h3><\/div><div class=\"fusion-text fusion-text-1\" style=\"--awb-font-size:var(--awb-typography4-font-size);--awb-line-height:var(--awb-typography4-line-height);--awb-letter-spacing:var(--awb-typography4-letter-spacing);--awb-text-transform:var(--awb-typography4-text-transform);--awb-text-font-family:var(--awb-typography4-font-family);--awb-text-font-weight:var(--awb-typography4-font-weight);--awb-text-font-style:var(--awb-typography4-font-style);\"><p>Le rev\u00eatement de sol joue un r\u00f4le important dans l&rsquo;impression g\u00e9n\u00e9rale d&rsquo;un espace de vie ou de travail. Qu&rsquo;il s&rsquo;agisse d&rsquo;un showroom, d&rsquo;un entrep\u00f4t de mat\u00e9riaux, d&rsquo;un bureau ou d&rsquo;un escalier : l&rsquo;usage, la couleur, le mat\u00e9riau et la r\u00e9sistance d\u00e9terminent si votre sol doit \u00eatre plut\u00f4t confortable, fonctionnel, rustique ou moderne. De plus, les tapis moelleux r\u00e9duisent la charge de poussi\u00e8res fines dans l&rsquo;air de la pi\u00e8ce.<\/p>\n<\/div><div class=\"fusion-title title fusion-title-2 fusion-sep-none fusion-title-text fusion-title-size-three\" style=\"--awb-text-color:var(--awb-color3);--awb-margin-bottom:30px;--awb-margin-top-small:10px;--awb-margin-right-small:0px;--awb-margin-bottom-small:10px;--awb-margin-left-small:0px;--awb-font-size:var(--awb-typography3-font-size);\"><h3 class=\"fusion-title-heading title-heading-left\" style=\"font-family:var(--awb-typography3-font-family);font-weight:var(--awb-typography3-font-weight);font-style:var(--awb-typography3-font-style);margin:0;letter-spacing:var(--awb-typography3-letter-spacing);text-transform:var(--awb-typography3-text-transform);font-size:1em;line-height:var(--awb-typography3-line-height);\">Le sol adapt\u00e9 \u00e0 vos besoins.<\/h3><\/div><div class=\"fusion-text fusion-text-2\"><p>Le PVC convient \u00e0 toutes les pi\u00e8ces de vie, y compris les pi\u00e8ces humides telles que la salle de bain ou la buanderie. Le caoutchouc poss\u00e8de une longue dur\u00e9e de vie et n\u00e9cessite peu d&rsquo;entretien. De m\u00eame, le li\u00e8ge, naturellement confortable, est id\u00e9al pour les chambres d&rsquo;enfants et les ateliers. \u00c0 savoir : pratiquement tous les rev\u00eatements de sol peuvent \u00e9galement \u00eatre install\u00e9s dans les zones de l&rsquo;escalier.<\/p>\n<\/div><\/div><\/div><\/div><\/div>\n","protected":false},"excerpt":{"rendered":"","protected":false},"author":1,"featured_media":4379,"parent":4831,"menu_order":0,"comment_status":"closed","ping_status":"closed","template":"100-width.php","meta":{"_acf_changed":false,"footnotes":""},"class_list":["post-4776","page","type-page","status-publish","has-post-thumbnail","hentry"],"acf":[],"yoast_head":"<!-- This site is optimized with the Yoast SEO plugin v27.4 - https:\/\/yoast.com\/product\/yoast-seo-wordpress\/ -->\n<title>Rev\u00eatements de sol - Gammeter Wohngestaltung AG<\/title>\n<meta name=\"robots\" content=\"index, follow, max-snippet:-1, max-image-preview:large, max-video-preview:-1\" \/>\n<link rel=\"canonical\" href=\"https:\/\/gaw-ag.ch\/fr\/produits\/revetements-de-sol\" \/>\n<meta property=\"og:locale\" content=\"fr_FR\" \/>\n<meta property=\"og:type\" content=\"article\" \/>\n<meta property=\"og:title\" content=\"Rev\u00eatements de sol - Gammeter Wohngestaltung AG\" \/>\n<meta property=\"og:url\" content=\"https:\/\/gaw-ag.ch\/fr\/produits\/revetements-de-sol\" \/>\n<meta property=\"og:site_name\" content=\"Gammeter Wohngestaltung AG\" \/>\n<meta property=\"article:modified_time\" content=\"2025-05-13T08:37:07+00:00\" \/>\n<meta property=\"og:image\" content=\"https:\/\/gaw-ag.ch\/wp-content\/uploads\/2025\/05\/moduleinterface-9.jpeg\" \/>\n\t<meta property=\"og:image:width\" content=\"2000\" \/>\n\t<meta property=\"og:image:height\" content=\"635\" \/>\n\t<meta property=\"og:image:type\" content=\"image\/jpeg\" \/>\n<meta name=\"twitter:card\" content=\"summary_large_image\" \/>\n<meta name=\"twitter:label1\" content=\"Dur\u00e9e de lecture estim\u00e9e\" \/>\n\t<meta name=\"twitter:data1\" content=\"7 minutes\" \/>\n<script type=\"application\/ld+json\" class=\"yoast-schema-graph\">{\"@context\":\"https:\\\/\\\/schema.org\",\"@graph\":[{\"@type\":\"WebPage\",\"@id\":\"https:\\\/\\\/gaw-ag.ch\\\/fr\\\/produits\\\/revetements-de-sol\",\"url\":\"https:\\\/\\\/gaw-ag.ch\\\/fr\\\/produits\\\/revetements-de-sol\",\"name\":\"Rev\u00eatements de sol - Gammeter Wohngestaltung AG\",\"isPartOf\":{\"@id\":\"https:\\\/\\\/gaw-ag.ch\\\/#website\"},\"primaryImageOfPage\":{\"@id\":\"https:\\\/\\\/gaw-ag.ch\\\/fr\\\/produits\\\/revetements-de-sol#primaryimage\"},\"image\":{\"@id\":\"https:\\\/\\\/gaw-ag.ch\\\/fr\\\/produits\\\/revetements-de-sol#primaryimage\"},\"thumbnailUrl\":\"https:\\\/\\\/gaw-ag.ch\\\/wp-content\\\/uploads\\\/2025\\\/05\\\/moduleinterface-9.jpeg\",\"datePublished\":\"2025-04-30T14:36:07+00:00\",\"dateModified\":\"2025-05-13T08:37:07+00:00\",\"breadcrumb\":{\"@id\":\"https:\\\/\\\/gaw-ag.ch\\\/fr\\\/produits\\\/revetements-de-sol#breadcrumb\"},\"inLanguage\":\"fr-FR\",\"potentialAction\":[{\"@type\":\"ReadAction\",\"target\":[\"https:\\\/\\\/gaw-ag.ch\\\/fr\\\/produits\\\/revetements-de-sol\"]}]},{\"@type\":\"ImageObject\",\"inLanguage\":\"fr-FR\",\"@id\":\"https:\\\/\\\/gaw-ag.ch\\\/fr\\\/produits\\\/revetements-de-sol#primaryimage\",\"url\":\"https:\\\/\\\/gaw-ag.ch\\\/wp-content\\\/uploads\\\/2025\\\/05\\\/moduleinterface-9.jpeg\",\"contentUrl\":\"https:\\\/\\\/gaw-ag.ch\\\/wp-content\\\/uploads\\\/2025\\\/05\\\/moduleinterface-9.jpeg\",\"width\":2000,\"height\":635},{\"@type\":\"BreadcrumbList\",\"@id\":\"https:\\\/\\\/gaw-ag.ch\\\/fr\\\/produits\\\/revetements-de-sol#breadcrumb\",\"itemListElement\":[{\"@type\":\"ListItem\",\"position\":1,\"name\":\"Startseite\",\"item\":\"https:\\\/\\\/gaw-ag.ch\\\/\"},{\"@type\":\"ListItem\",\"position\":2,\"name\":\"Produits\",\"item\":\"https:\\\/\\\/gaw-ag.ch\\\/fr\\\/produits\"},{\"@type\":\"ListItem\",\"position\":3,\"name\":\"Rev\u00eatements de sol\"}]},{\"@type\":\"WebSite\",\"@id\":\"https:\\\/\\\/gaw-ag.ch\\\/#website\",\"url\":\"https:\\\/\\\/gaw-ag.ch\\\/\",\"name\":\"Gammeter Wohngestaltung AG\",\"description\":\"\",\"potentialAction\":[{\"@type\":\"SearchAction\",\"target\":{\"@type\":\"EntryPoint\",\"urlTemplate\":\"https:\\\/\\\/gaw-ag.ch\\\/?s={search_term_string}\"},\"query-input\":{\"@type\":\"PropertyValueSpecification\",\"valueRequired\":true,\"valueName\":\"search_term_string\"}}],\"inLanguage\":\"fr-FR\"}]}<\/script>\n<!-- \/ Yoast SEO plugin. -->","yoast_head_json":{"title":"Rev\u00eatements de sol - Gammeter Wohngestaltung AG","robots":{"index":"index","follow":"follow","max-snippet":"max-snippet:-1","max-image-preview":"max-image-preview:large","max-video-preview":"max-video-preview:-1"},"canonical":"https:\/\/gaw-ag.ch\/fr\/produits\/revetements-de-sol","og_locale":"fr_FR","og_type":"article","og_title":"Rev\u00eatements de sol - Gammeter Wohngestaltung AG","og_url":"https:\/\/gaw-ag.ch\/fr\/produits\/revetements-de-sol","og_site_name":"Gammeter Wohngestaltung AG","article_modified_time":"2025-05-13T08:37:07+00:00","og_image":[{"width":2000,"height":635,"url":"https:\/\/gaw-ag.ch\/wp-content\/uploads\/2025\/05\/moduleinterface-9.jpeg","type":"image\/jpeg"}],"twitter_card":"summary_large_image","twitter_misc":{"Dur\u00e9e de lecture estim\u00e9e":"7 minutes"},"schema":{"@context":"https:\/\/schema.org","@graph":[{"@type":"WebPage","@id":"https:\/\/gaw-ag.ch\/fr\/produits\/revetements-de-sol","url":"https:\/\/gaw-ag.ch\/fr\/produits\/revetements-de-sol","name":"Rev\u00eatements de sol - Gammeter Wohngestaltung AG","isPartOf":{"@id":"https:\/\/gaw-ag.ch\/#website"},"primaryImageOfPage":{"@id":"https:\/\/gaw-ag.ch\/fr\/produits\/revetements-de-sol#primaryimage"},"image":{"@id":"https:\/\/gaw-ag.ch\/fr\/produits\/revetements-de-sol#primaryimage"},"thumbnailUrl":"https:\/\/gaw-ag.ch\/wp-content\/uploads\/2025\/05\/moduleinterface-9.jpeg","datePublished":"2025-04-30T14:36:07+00:00","dateModified":"2025-05-13T08:37:07+00:00","breadcrumb":{"@id":"https:\/\/gaw-ag.ch\/fr\/produits\/revetements-de-sol#breadcrumb"},"inLanguage":"fr-FR","potentialAction":[{"@type":"ReadAction","target":["https:\/\/gaw-ag.ch\/fr\/produits\/revetements-de-sol"]}]},{"@type":"ImageObject","inLanguage":"fr-FR","@id":"https:\/\/gaw-ag.ch\/fr\/produits\/revetements-de-sol#primaryimage","url":"https:\/\/gaw-ag.ch\/wp-content\/uploads\/2025\/05\/moduleinterface-9.jpeg","contentUrl":"https:\/\/gaw-ag.ch\/wp-content\/uploads\/2025\/05\/moduleinterface-9.jpeg","width":2000,"height":635},{"@type":"BreadcrumbList","@id":"https:\/\/gaw-ag.ch\/fr\/produits\/revetements-de-sol#breadcrumb","itemListElement":[{"@type":"ListItem","position":1,"name":"Startseite","item":"https:\/\/gaw-ag.ch\/"},{"@type":"ListItem","position":2,"name":"Produits","item":"https:\/\/gaw-ag.ch\/fr\/produits"},{"@type":"ListItem","position":3,"name":"Rev\u00eatements de sol"}]},{"@type":"WebSite","@id":"https:\/\/gaw-ag.ch\/#website","url":"https:\/\/gaw-ag.ch\/","name":"Gammeter Wohngestaltung AG","description":"","potentialAction":[{"@type":"SearchAction","target":{"@type":"EntryPoint","urlTemplate":"https:\/\/gaw-ag.ch\/?s={search_term_string}"},"query-input":{"@type":"PropertyValueSpecification","valueRequired":true,"valueName":"search_term_string"}}],"inLanguage":"fr-FR"}]}},"_links":{"self":[{"href":"https:\/\/gaw-ag.ch\/fr\/wp-json\/wp\/v2\/pages\/4776","targetHints":{"allow":["GET"]}}],"collection":[{"href":"https:\/\/gaw-ag.ch\/fr\/wp-json\/wp\/v2\/pages"}],"about":[{"href":"https:\/\/gaw-ag.ch\/fr\/wp-json\/wp\/v2\/types\/page"}],"author":[{"embeddable":true,"href":"https:\/\/gaw-ag.ch\/fr\/wp-json\/wp\/v2\/users\/1"}],"replies":[{"embeddable":true,"href":"https:\/\/gaw-ag.ch\/fr\/wp-json\/wp\/v2\/comments?post=4776"}],"version-history":[{"count":4,"href":"https:\/\/gaw-ag.ch\/fr\/wp-json\/wp\/v2\/pages\/4776\/revisions"}],"predecessor-version":[{"id":4975,"href":"https:\/\/gaw-ag.ch\/fr\/wp-json\/wp\/v2\/pages\/4776\/revisions\/4975"}],"up":[{"embeddable":true,"href":"https:\/\/gaw-ag.ch\/fr\/wp-json\/wp\/v2\/pages\/4831"}],"wp:featuredmedia":[{"embeddable":true,"href":"https:\/\/gaw-ag.ch\/fr\/wp-json\/wp\/v2\/media\/4379"}],"wp:attachment":[{"href":"https:\/\/gaw-ag.ch\/fr\/wp-json\/wp\/v2\/media?parent=4776"}],"curies":[{"name":"wp","href":"https:\/\/api.w.org\/{rel}","templated":true}]}}