{"id":4816,"date":"2025-04-30T14:38:09","date_gmt":"2025-04-30T14:38:09","guid":{"rendered":"https:\/\/gaw-ag.ch\/services\/moustiquaire\/"},"modified":"2025-08-04T14:25:30","modified_gmt":"2025-08-04T14:25:30","slug":"moustiquaire","status":"publish","type":"page","link":"https:\/\/gaw-ag.ch\/fr\/services\/moustiquaire","title":{"rendered":"Moustiquaire"},"content":{"rendered":"<div class=\"fusion-fullwidth fullwidth-box fusion-builder-row-1 fusion-flex-container has-pattern-background has-mask-background nonhundred-percent-fullwidth non-hundred-percent-height-scrolling\" style=\"--awb-border-radius-top-left:0px;--awb-border-radius-top-right:0px;--awb-border-radius-bottom-right:0px;--awb-border-radius-bottom-left:0px;--awb-flex-wrap:wrap;\" ><div class=\"fusion-builder-row fusion-row fusion-flex-align-items-flex-start fusion-flex-content-wrap\" style=\"max-width:1372.8px;margin-left: calc(-4% \/ 2 );margin-right: calc(-4% \/ 2 );\"><div class=\"fusion-layout-column fusion_builder_column fusion-builder-column-0 fusion_builder_column_1_2 1_2 fusion-flex-column fusion-animated\" style=\"--awb-bg-size:cover;--awb-width-large:50%;--awb-margin-top-large:0px;--awb-spacing-right-large:3.84%;--awb-margin-bottom-large:20px;--awb-spacing-left-large:3.84%;--awb-width-medium:50%;--awb-order-medium:0;--awb-spacing-right-medium:3.84%;--awb-spacing-left-medium:3.84%;--awb-width-small:100%;--awb-order-small:1;--awb-spacing-right-small:1.92%;--awb-spacing-left-small:1.92%;\" data-animationType=\"fadeInLeft\" data-animationDuration=\"1.0\" data-animationDelay=\"0.1\" data-animationOffset=\"top-into-view\"><div class=\"fusion-column-wrapper fusion-column-has-shadow fusion-flex-justify-content-flex-start fusion-content-layout-column\"><div class=\"awb-gallery-wrapper awb-gallery-wrapper-1 button-span-no\" style=\"--more-btn-alignment:center;\"><div style=\"margin:-5px;--awb-bordersize:0px;--awb-columns-small:50%;\" class=\"fusion-gallery fusion-gallery-container fusion-grid-2 fusion-columns-total-3 fusion-gallery-layout-grid fusion-gallery-1\"><div style=\"padding:5px;\" class=\"fusion-grid-column fusion-gallery-column fusion-gallery-column-2 hover-type-zoomin\"><div class=\"fusion-gallery-image\"><a href=\"https:\/\/gaw-ag.ch\/wp-content\/uploads\/2025\/05\/insekten02.jpg\" rel=\"noreferrer\" data-rel=\"iLightbox[gallery_image_1]\" class=\"fusion-lightbox\" target=\"_self\"><img decoding=\"async\" src=\"https:\/\/gaw-ag.ch\/wp-content\/uploads\/2025\/05\/insekten02.jpg\" data-orig-src=\"https:\/\/gaw-ag.ch\/wp-content\/uploads\/2025\/05\/insekten02.jpg\" width=\"900\" height=\"603\" alt=\"\" title=\"insekten02\" aria-label=\"insekten02\" class=\"lazyload img-responsive wp-image-3754\" srcset=\"data:image\/svg+xml,%3Csvg%20xmlns%3D%27http%3A%2F%2Fwww.w3.org%2F2000%2Fsvg%27%20width%3D%27900%27%20height%3D%27603%27%20viewBox%3D%270%200%20900%20603%27%3E%3Crect%20width%3D%27900%27%20height%3D%27603%27%20fill-opacity%3D%220%22%2F%3E%3C%2Fsvg%3E\" data-srcset=\"https:\/\/gaw-ag.ch\/wp-content\/uploads\/2025\/05\/insekten02-200x134.jpg 200w, https:\/\/gaw-ag.ch\/wp-content\/uploads\/2025\/05\/insekten02-400x268.jpg 400w, https:\/\/gaw-ag.ch\/wp-content\/uploads\/2025\/05\/insekten02-600x402.jpg 600w, https:\/\/gaw-ag.ch\/wp-content\/uploads\/2025\/05\/insekten02-800x536.jpg 800w, https:\/\/gaw-ag.ch\/wp-content\/uploads\/2025\/05\/insekten02.jpg 900w\" data-sizes=\"auto\" data-orig-sizes=\"(min-width: 2200px) 100vw, (min-width: 712px) 658px, (min-width: 640px) 712px, \" \/><\/a><\/div><\/div><div style=\"padding:5px;\" class=\"fusion-grid-column fusion-gallery-column fusion-gallery-column-2 hover-type-zoomin\"><div class=\"fusion-gallery-image\"><a href=\"https:\/\/gaw-ag.ch\/wp-content\/uploads\/2025\/05\/insekten03.jpg\" rel=\"noreferrer\" data-rel=\"iLightbox[gallery_image_1]\" class=\"fusion-lightbox\" target=\"_self\"><img decoding=\"async\" src=\"https:\/\/gaw-ag.ch\/wp-content\/uploads\/2025\/05\/insekten03.jpg\" data-orig-src=\"https:\/\/gaw-ag.ch\/wp-content\/uploads\/2025\/05\/insekten03.jpg\" width=\"900\" height=\"603\" alt=\"\" title=\"insekten03\" aria-label=\"insekten03\" class=\"lazyload img-responsive wp-image-3755\" srcset=\"data:image\/svg+xml,%3Csvg%20xmlns%3D%27http%3A%2F%2Fwww.w3.org%2F2000%2Fsvg%27%20width%3D%27900%27%20height%3D%27603%27%20viewBox%3D%270%200%20900%20603%27%3E%3Crect%20width%3D%27900%27%20height%3D%27603%27%20fill-opacity%3D%220%22%2F%3E%3C%2Fsvg%3E\" data-srcset=\"https:\/\/gaw-ag.ch\/wp-content\/uploads\/2025\/05\/insekten03-200x134.jpg 200w, https:\/\/gaw-ag.ch\/wp-content\/uploads\/2025\/05\/insekten03-400x268.jpg 400w, https:\/\/gaw-ag.ch\/wp-content\/uploads\/2025\/05\/insekten03-600x402.jpg 600w, https:\/\/gaw-ag.ch\/wp-content\/uploads\/2025\/05\/insekten03-800x536.jpg 800w, https:\/\/gaw-ag.ch\/wp-content\/uploads\/2025\/05\/insekten03.jpg 900w\" data-sizes=\"auto\" data-orig-sizes=\"(min-width: 2200px) 100vw, (min-width: 712px) 658px, (min-width: 640px) 712px, \" \/><\/a><\/div><\/div><div class=\"clearfix\"><\/div><div style=\"padding:5px;\" class=\"fusion-grid-column fusion-gallery-column fusion-gallery-column-2 hover-type-zoomin\"><div class=\"fusion-gallery-image\"><a href=\"https:\/\/gaw-ag.ch\/wp-content\/uploads\/2025\/05\/insekten01.jpg\" rel=\"noreferrer\" data-rel=\"iLightbox[gallery_image_1]\" class=\"fusion-lightbox\" target=\"_self\"><img decoding=\"async\" src=\"https:\/\/gaw-ag.ch\/wp-content\/uploads\/2025\/05\/insekten01.jpg\" data-orig-src=\"https:\/\/gaw-ag.ch\/wp-content\/uploads\/2025\/05\/insekten01.jpg\" width=\"900\" height=\"603\" alt=\"\" title=\"insekten01\" aria-label=\"insekten01\" class=\"lazyload img-responsive wp-image-3753\" srcset=\"data:image\/svg+xml,%3Csvg%20xmlns%3D%27http%3A%2F%2Fwww.w3.org%2F2000%2Fsvg%27%20width%3D%27900%27%20height%3D%27603%27%20viewBox%3D%270%200%20900%20603%27%3E%3Crect%20width%3D%27900%27%20height%3D%27603%27%20fill-opacity%3D%220%22%2F%3E%3C%2Fsvg%3E\" data-srcset=\"https:\/\/gaw-ag.ch\/wp-content\/uploads\/2025\/05\/insekten01-200x134.jpg 200w, https:\/\/gaw-ag.ch\/wp-content\/uploads\/2025\/05\/insekten01-400x268.jpg 400w, https:\/\/gaw-ag.ch\/wp-content\/uploads\/2025\/05\/insekten01-600x402.jpg 600w, https:\/\/gaw-ag.ch\/wp-content\/uploads\/2025\/05\/insekten01-800x536.jpg 800w, https:\/\/gaw-ag.ch\/wp-content\/uploads\/2025\/05\/insekten01.jpg 900w\" data-sizes=\"auto\" data-orig-sizes=\"(min-width: 2200px) 100vw, (min-width: 712px) 658px, (min-width: 640px) 712px, \" \/><\/a><\/div><\/div><\/div><\/div><\/div><\/div><div class=\"fusion-layout-column fusion_builder_column fusion-builder-column-1 fusion_builder_column_1_2 1_2 fusion-flex-column fusion-animated\" style=\"--awb-bg-size:cover;--awb-width-large:50%;--awb-margin-top-large:0px;--awb-spacing-right-large:3.84%;--awb-margin-bottom-large:20px;--awb-spacing-left-large:3.84%;--awb-width-medium:50%;--awb-order-medium:0;--awb-spacing-right-medium:3.84%;--awb-spacing-left-medium:3.84%;--awb-width-small:100%;--awb-order-small:0;--awb-spacing-right-small:1.92%;--awb-spacing-left-small:1.92%;\" data-animationType=\"fadeInRight\" data-animationDuration=\"1.0\" data-animationDelay=\"0.1\" data-animationOffset=\"top-into-view\"><div class=\"fusion-column-wrapper fusion-column-has-shadow fusion-flex-justify-content-flex-start fusion-content-layout-column\"><div class=\"fusion-title title fusion-title-1 fusion-sep-none fusion-title-text fusion-title-size-three\" style=\"--awb-text-color:var(--awb-color3);--awb-margin-bottom:30px;--awb-margin-top-small:10px;--awb-margin-right-small:0px;--awb-margin-bottom-small:10px;--awb-margin-left-small:0px;--awb-font-size:var(--awb-typography3-font-size);\"><h3 class=\"fusion-title-heading title-heading-left\" style=\"font-family:var(--awb-typography3-font-family);font-weight:var(--awb-typography3-font-weight);font-style:var(--awb-typography3-font-style);margin:0;letter-spacing:var(--awb-typography3-letter-spacing);text-transform:var(--awb-typography3-text-transform);font-size:1em;line-height:var(--awb-typography3-line-height);\">Nous vous prot\u00e9geons contre les insectes, les rongeurs, les feuilles et la salet\u00e9.<\/h3><\/div><div class=\"fusion-text fusion-text-1\"><p>La GAW aime les animaux, \u00e0 condition qu&rsquo;ils ne d\u00e9rangent pas, ne piquent pas, ne griffent pas, ne mordent pas, ne harc\u00e8lent pas ou n&rsquo;ennuient pas nos clientes et clients. Les insectes sont certes de petites cr\u00e9atures utiles et proches de la nature, mais ils peuvent souvent \u00eatre irritants pour les humains. Nous veillons \u00e0 ce que, gr\u00e2ce \u00e0 nos produits les plus r\u00e9cents, vous ne soyez plus d\u00e9rang\u00e9 chez vous.<\/p>\n<\/div><div class=\"fusion-title title fusion-title-2 fusion-sep-none fusion-title-text fusion-title-size-three\" style=\"--awb-text-color:var(--awb-color3);--awb-margin-bottom:30px;--awb-margin-top-small:10px;--awb-margin-right-small:0px;--awb-margin-bottom-small:10px;--awb-margin-left-small:0px;--awb-font-size:var(--awb-typography3-font-size);\"><h3 class=\"fusion-title-heading title-heading-left\" style=\"font-family:var(--awb-typography3-font-family);font-weight:var(--awb-typography3-font-weight);font-style:var(--awb-typography3-font-style);margin:0;letter-spacing:var(--awb-typography3-letter-spacing);text-transform:var(--awb-typography3-text-transform);font-size:1em;line-height:var(--awb-typography3-line-height);\">De belles grilles de protection pour portes, fen\u00eatres et puits de lumi\u00e8re.<\/h3><\/div><div class=\"fusion-text fusion-text-2\"><p>Si vous pensez \u00e9galement que les moustiques, les insectes rampants et les nuisibles doivent d\u00e9sormais rester \u00e0 l&rsquo;ext\u00e9rieur, alors vous devriez absolument vous int\u00e9resser \u00e0 notre syst\u00e8me de d\u00e9fense pacifique, sans chocs ni produits chimiques. Pour emp\u00eacher \u00e9galement les rongeurs, les feuilles et la salet\u00e9 d&rsquo;entrer dans votre maison, nous vous recommandons notre collection de grilles de protection \u00e0 mailles fines.<\/p>\n<\/div><\/div><\/div><\/div><\/div>\n","protected":false},"excerpt":{"rendered":"","protected":false},"author":1,"featured_media":4367,"parent":4707,"menu_order":0,"comment_status":"closed","ping_status":"closed","template":"100-width.php","meta":{"_acf_changed":false,"footnotes":""},"class_list":["post-4816","page","type-page","status-publish","has-post-thumbnail","hentry"],"acf":[],"yoast_head":"<!-- This site is optimized with the Yoast SEO plugin v27.4 - https:\/\/yoast.com\/product\/yoast-seo-wordpress\/ -->\n<title>Moustiquaire - Gammeter Wohngestaltung AG<\/title>\n<meta name=\"robots\" content=\"index, follow, max-snippet:-1, max-image-preview:large, max-video-preview:-1\" \/>\n<link rel=\"canonical\" href=\"https:\/\/gaw-ag.ch\/fr\/services\/moustiquaire\" \/>\n<meta property=\"og:locale\" content=\"fr_FR\" \/>\n<meta property=\"og:type\" content=\"article\" \/>\n<meta property=\"og:title\" content=\"Moustiquaire - Gammeter Wohngestaltung AG\" \/>\n<meta property=\"og:url\" content=\"https:\/\/gaw-ag.ch\/fr\/services\/moustiquaire\" \/>\n<meta property=\"og:site_name\" content=\"Gammeter Wohngestaltung AG\" \/>\n<meta property=\"article:modified_time\" content=\"2025-08-04T14:25:30+00:00\" \/>\n<meta property=\"og:image\" content=\"https:\/\/gaw-ag.ch\/wp-content\/uploads\/2025\/05\/moduleinterface-3.jpeg\" \/>\n\t<meta property=\"og:image:width\" content=\"2000\" \/>\n\t<meta property=\"og:image:height\" content=\"635\" \/>\n\t<meta property=\"og:image:type\" content=\"image\/jpeg\" \/>\n<meta name=\"twitter:card\" content=\"summary_large_image\" \/>\n<meta name=\"twitter:label1\" content=\"Dur\u00e9e de lecture estim\u00e9e\" \/>\n\t<meta name=\"twitter:data1\" content=\"7 minutes\" \/>\n<script type=\"application\/ld+json\" class=\"yoast-schema-graph\">{\"@context\":\"https:\\\/\\\/schema.org\",\"@graph\":[{\"@type\":\"WebPage\",\"@id\":\"https:\\\/\\\/gaw-ag.ch\\\/fr\\\/services\\\/moustiquaire\",\"url\":\"https:\\\/\\\/gaw-ag.ch\\\/fr\\\/services\\\/moustiquaire\",\"name\":\"Moustiquaire - Gammeter Wohngestaltung AG\",\"isPartOf\":{\"@id\":\"https:\\\/\\\/gaw-ag.ch\\\/#website\"},\"primaryImageOfPage\":{\"@id\":\"https:\\\/\\\/gaw-ag.ch\\\/fr\\\/services\\\/moustiquaire#primaryimage\"},\"image\":{\"@id\":\"https:\\\/\\\/gaw-ag.ch\\\/fr\\\/services\\\/moustiquaire#primaryimage\"},\"thumbnailUrl\":\"https:\\\/\\\/gaw-ag.ch\\\/wp-content\\\/uploads\\\/2025\\\/05\\\/moduleinterface-3.jpeg\",\"datePublished\":\"2025-04-30T14:38:09+00:00\",\"dateModified\":\"2025-08-04T14:25:30+00:00\",\"breadcrumb\":{\"@id\":\"https:\\\/\\\/gaw-ag.ch\\\/fr\\\/services\\\/moustiquaire#breadcrumb\"},\"inLanguage\":\"fr-FR\",\"potentialAction\":[{\"@type\":\"ReadAction\",\"target\":[\"https:\\\/\\\/gaw-ag.ch\\\/fr\\\/services\\\/moustiquaire\"]}]},{\"@type\":\"ImageObject\",\"inLanguage\":\"fr-FR\",\"@id\":\"https:\\\/\\\/gaw-ag.ch\\\/fr\\\/services\\\/moustiquaire#primaryimage\",\"url\":\"https:\\\/\\\/gaw-ag.ch\\\/wp-content\\\/uploads\\\/2025\\\/05\\\/moduleinterface-3.jpeg\",\"contentUrl\":\"https:\\\/\\\/gaw-ag.ch\\\/wp-content\\\/uploads\\\/2025\\\/05\\\/moduleinterface-3.jpeg\",\"width\":2000,\"height\":635},{\"@type\":\"BreadcrumbList\",\"@id\":\"https:\\\/\\\/gaw-ag.ch\\\/fr\\\/services\\\/moustiquaire#breadcrumb\",\"itemListElement\":[{\"@type\":\"ListItem\",\"position\":1,\"name\":\"Startseite\",\"item\":\"https:\\\/\\\/gaw-ag.ch\\\/\"},{\"@type\":\"ListItem\",\"position\":2,\"name\":\"Services\",\"item\":\"https:\\\/\\\/gaw-ag.ch\\\/fr\\\/services\"},{\"@type\":\"ListItem\",\"position\":3,\"name\":\"Moustiquaire\"}]},{\"@type\":\"WebSite\",\"@id\":\"https:\\\/\\\/gaw-ag.ch\\\/#website\",\"url\":\"https:\\\/\\\/gaw-ag.ch\\\/\",\"name\":\"Gammeter Wohngestaltung AG\",\"description\":\"\",\"potentialAction\":[{\"@type\":\"SearchAction\",\"target\":{\"@type\":\"EntryPoint\",\"urlTemplate\":\"https:\\\/\\\/gaw-ag.ch\\\/?s={search_term_string}\"},\"query-input\":{\"@type\":\"PropertyValueSpecification\",\"valueRequired\":true,\"valueName\":\"search_term_string\"}}],\"inLanguage\":\"fr-FR\"}]}<\/script>\n<!-- \/ Yoast SEO plugin. -->","yoast_head_json":{"title":"Moustiquaire - Gammeter Wohngestaltung AG","robots":{"index":"index","follow":"follow","max-snippet":"max-snippet:-1","max-image-preview":"max-image-preview:large","max-video-preview":"max-video-preview:-1"},"canonical":"https:\/\/gaw-ag.ch\/fr\/services\/moustiquaire","og_locale":"fr_FR","og_type":"article","og_title":"Moustiquaire - Gammeter Wohngestaltung AG","og_url":"https:\/\/gaw-ag.ch\/fr\/services\/moustiquaire","og_site_name":"Gammeter Wohngestaltung AG","article_modified_time":"2025-08-04T14:25:30+00:00","og_image":[{"width":2000,"height":635,"url":"https:\/\/gaw-ag.ch\/wp-content\/uploads\/2025\/05\/moduleinterface-3.jpeg","type":"image\/jpeg"}],"twitter_card":"summary_large_image","twitter_misc":{"Dur\u00e9e de lecture estim\u00e9e":"7 minutes"},"schema":{"@context":"https:\/\/schema.org","@graph":[{"@type":"WebPage","@id":"https:\/\/gaw-ag.ch\/fr\/services\/moustiquaire","url":"https:\/\/gaw-ag.ch\/fr\/services\/moustiquaire","name":"Moustiquaire - Gammeter Wohngestaltung AG","isPartOf":{"@id":"https:\/\/gaw-ag.ch\/#website"},"primaryImageOfPage":{"@id":"https:\/\/gaw-ag.ch\/fr\/services\/moustiquaire#primaryimage"},"image":{"@id":"https:\/\/gaw-ag.ch\/fr\/services\/moustiquaire#primaryimage"},"thumbnailUrl":"https:\/\/gaw-ag.ch\/wp-content\/uploads\/2025\/05\/moduleinterface-3.jpeg","datePublished":"2025-04-30T14:38:09+00:00","dateModified":"2025-08-04T14:25:30+00:00","breadcrumb":{"@id":"https:\/\/gaw-ag.ch\/fr\/services\/moustiquaire#breadcrumb"},"inLanguage":"fr-FR","potentialAction":[{"@type":"ReadAction","target":["https:\/\/gaw-ag.ch\/fr\/services\/moustiquaire"]}]},{"@type":"ImageObject","inLanguage":"fr-FR","@id":"https:\/\/gaw-ag.ch\/fr\/services\/moustiquaire#primaryimage","url":"https:\/\/gaw-ag.ch\/wp-content\/uploads\/2025\/05\/moduleinterface-3.jpeg","contentUrl":"https:\/\/gaw-ag.ch\/wp-content\/uploads\/2025\/05\/moduleinterface-3.jpeg","width":2000,"height":635},{"@type":"BreadcrumbList","@id":"https:\/\/gaw-ag.ch\/fr\/services\/moustiquaire#breadcrumb","itemListElement":[{"@type":"ListItem","position":1,"name":"Startseite","item":"https:\/\/gaw-ag.ch\/"},{"@type":"ListItem","position":2,"name":"Services","item":"https:\/\/gaw-ag.ch\/fr\/services"},{"@type":"ListItem","position":3,"name":"Moustiquaire"}]},{"@type":"WebSite","@id":"https:\/\/gaw-ag.ch\/#website","url":"https:\/\/gaw-ag.ch\/","name":"Gammeter Wohngestaltung AG","description":"","potentialAction":[{"@type":"SearchAction","target":{"@type":"EntryPoint","urlTemplate":"https:\/\/gaw-ag.ch\/?s={search_term_string}"},"query-input":{"@type":"PropertyValueSpecification","valueRequired":true,"valueName":"search_term_string"}}],"inLanguage":"fr-FR"}]}},"_links":{"self":[{"href":"https:\/\/gaw-ag.ch\/fr\/wp-json\/wp\/v2\/pages\/4816","targetHints":{"allow":["GET"]}}],"collection":[{"href":"https:\/\/gaw-ag.ch\/fr\/wp-json\/wp\/v2\/pages"}],"about":[{"href":"https:\/\/gaw-ag.ch\/fr\/wp-json\/wp\/v2\/types\/page"}],"author":[{"embeddable":true,"href":"https:\/\/gaw-ag.ch\/fr\/wp-json\/wp\/v2\/users\/1"}],"replies":[{"embeddable":true,"href":"https:\/\/gaw-ag.ch\/fr\/wp-json\/wp\/v2\/comments?post=4816"}],"version-history":[{"count":4,"href":"https:\/\/gaw-ag.ch\/fr\/wp-json\/wp\/v2\/pages\/4816\/revisions"}],"predecessor-version":[{"id":5357,"href":"https:\/\/gaw-ag.ch\/fr\/wp-json\/wp\/v2\/pages\/4816\/revisions\/5357"}],"up":[{"embeddable":true,"href":"https:\/\/gaw-ag.ch\/fr\/wp-json\/wp\/v2\/pages\/4707"}],"wp:featuredmedia":[{"embeddable":true,"href":"https:\/\/gaw-ag.ch\/fr\/wp-json\/wp\/v2\/media\/4367"}],"wp:attachment":[{"href":"https:\/\/gaw-ag.ch\/fr\/wp-json\/wp\/v2\/media?parent=4816"}],"curies":[{"name":"wp","href":"https:\/\/api.w.org\/{rel}","templated":true}]}}